{"id":290,"date":"2021-06-10T17:36:44","date_gmt":"2021-06-10T15:36:44","guid":{"rendered":"http:\/\/www.radiologie-waterloo.net\/?page_id=290"},"modified":"2021-08-18T08:53:50","modified_gmt":"2021-08-18T06:53:50","slug":"communication-des-resultats","status":"publish","type":"page","link":"https:\/\/www.radiologie-waterloo.net\/index.php\/communication-des-resultats\/","title":{"rendered":"Communication des r\u00e9sultats"},"content":{"rendered":"\t\t<div data-elementor-type=\"wp-page\" data-elementor-id=\"290\" class=\"elementor elementor-290\" data-elementor-settings=\"[]\">\n\t\t\t\t\t\t\t<div class=\"elementor-section-wrap\">\n\t\t\t\t\t\t\t<section class=\"elementor-section elementor-top-section elementor-element elementor-element-34819451 elementor-section-stretched elementor-section-boxed elementor-section-height-default elementor-section-height-default\" data-id=\"34819451\" data-element_type=\"section\" data-settings=\"{&quot;stretch_section&quot;:&quot;section-stretched&quot;}\">\n\t\t\t\t\t\t<div class=\"elementor-container elementor-column-gap-default\">\n\t\t\t\t\t<div class=\"elementor-column elementor-col-100 elementor-top-column elementor-element elementor-element-7a6b73ed\" data-id=\"7a6b73ed\" data-element_type=\"column\">\n\t\t\t<div class=\"elementor-widget-wrap elementor-element-populated\">\n\t\t\t\t\t\t\t\t<div class=\"elementor-element elementor-element-7c6b3b49 elementor-widget elementor-widget-text-editor\" data-id=\"7c6b3b49\" data-element_type=\"widget\" data-widget_type=\"text-editor.default\">\n\t\t\t\t<div class=\"elementor-widget-container\">\n\t\t\t\t\t\t\t\t<!-- wp:list -->\n<ul>\n<li><span style=\"color: #000000;\">Le m\u00e9decin radiologue vous donne une premi\u00e8re appr\u00e9ciation provisoire dans le d\u00e9cours de l&rsquo;examen.<\/span><\/li>\n<li><span style=\"color: #000000;\">Si cela s&rsquo;av\u00e8re n\u00e9cessaire, en fonction du caract\u00e8re urgent, l&rsquo;examen et le protocole vous seront remis directement pour la suite des soins ou le radiologue contactera directement votre m\u00e9decin.<\/span><\/li>\n<li><span style=\"color: #000000;\">En dehors de ce contexte, les r\u00e9sultats sont:<\/span><\/li>\n<\/ul>\n<p><span style=\"color: #000000;\"><!-- \/wp:list --><!-- wp:list {\"ordered\":true} --><\/span><\/p>\n<ul>\n<li style=\"list-style-type: none;\">\n<ul>\n<li><span style=\"color: #000000;\">communiqu\u00e9s \u00e0 votre m\u00e9decin par voie \u00e9lectronique s\u00e9curis\u00e9e le jour m\u00eame et par la poste pour le surlendemain.<\/span><\/li>\n<li><span style=\"color: #000000;\">Les images sont accessibles sur le serveur web du cabinet \u00e0 l&rsquo;adresse suivante\u00a0<a href=\"http:\/\/www.radiologie-waterloo.be\">www.radiologie-waterloo.be<\/a>, gr\u00e2ce aux codes d&rsquo;acc\u00e8s que nous vous remettons apr\u00e8s l&rsquo;examen.<\/span><\/li>\n<li><span style=\"color: #000000;\">Vous pouvez bien entendu \u00e9galement venir retirer une copie du protocole \u00e0 notre secr\u00e9tariat.<\/span><\/li>\n<\/ul>\n<\/li>\n<\/ul>\n<p>\u00a0<\/p>\n<p>\u00a0<\/p>\n<p>\u00a0<\/p>\n<p>\u00a0<\/p>\n<p>\u00a0<\/p>\n<!-- \/wp:list --><!-- wp:paragraph --><!-- \/wp:paragraph -->\n<div id=\"companion-installed\" class=\"provisioned\" style=\"display: none;\">\u00a0<\/div>\n<div id=\"companion-installed\" style=\"display: none;\">\u00a0<\/div>\t\t\t\t\t\t<\/div>\n\t\t\t\t<\/div>\n\t\t\t\t\t<\/div>\n\t\t<\/div>\n\t\t\t\t\t\t\t<\/div>\n\t\t<\/section>\n\t\t\t\t\t\t<\/div>\n\t\t\t\t\t<\/div>\n\t\t","protected":false},"excerpt":{"rendered":"<p>Le m\u00e9decin radiologue vous donne une premi\u00e8re appr\u00e9ciation provisoire dans le d\u00e9cours de l&rsquo;examen. Si cela s&rsquo;av\u00e8re n\u00e9cessaire, en fonction du caract\u00e8re urgent, l&rsquo;examen et le protocole vous seront remis directement pour la suite des soins ou le radiologue contactera\u2026<\/p>\n","protected":false},"author":1,"featured_media":0,"parent":0,"menu_order":0,"comment_status":"closed","ping_status":"closed","template":"","meta":[],"_links":{"self":[{"href":"https:\/\/www.radiologie-waterloo.net\/index.php\/wp-json\/wp\/v2\/pages\/290"}],"collection":[{"href":"https:\/\/www.radiologie-waterloo.net\/index.php\/wp-json\/wp\/v2\/pages"}],"about":[{"href":"https:\/\/www.radiologie-waterloo.net\/index.php\/wp-json\/wp\/v2\/types\/page"}],"author":[{"embeddable":true,"href":"https:\/\/www.radiologie-waterloo.net\/index.php\/wp-json\/wp\/v2\/users\/1"}],"replies":[{"embeddable":true,"href":"https:\/\/www.radiologie-waterloo.net\/index.php\/wp-json\/wp\/v2\/comments?post=290"}],"version-history":[{"count":50,"href":"https:\/\/www.radiologie-waterloo.net\/index.php\/wp-json\/wp\/v2\/pages\/290\/revisions"}],"predecessor-version":[{"id":598,"href":"https:\/\/www.radiologie-waterloo.net\/index.php\/wp-json\/wp\/v2\/pages\/290\/revisions\/598"}],"wp:attachment":[{"href":"https:\/\/www.radiologie-waterloo.net\/index.php\/wp-json\/wp\/v2\/media?parent=290"}],"curies":[{"name":"wp","href":"https:\/\/api.w.org\/{rel}","templated":true}]}}